{"id":346,"date":"2016-07-04T13:26:11","date_gmt":"2016-07-04T11:26:11","guid":{"rendered":"https:\/\/www.fahrrad-haendlersuche.de\/victoria-haendler\/"},"modified":"2018-02-19T12:55:18","modified_gmt":"2018-02-19T11:55:18","slug":"victoria-haendler","status":"publish","type":"page","link":"https:\/\/www.fahrrad-haendlersuche.de\/nl\/victoria-haendler\/","title":{"rendered":"VICTORIA"},"content":{"rendered":"\n<style type=\"text\/css\" data-created_by=\"avia_inline_auto\" id=\"style-css-av-av_one_full-6126cab7d8fab8d08143dd2dacdf673c\">\n.flex_column.av-av_one_full-6126cab7d8fab8d08143dd2dacdf673c{\nborder-radius:0px 0px 0px 0px;\n-webkit-border-radius:0px 0px 0px 0px;\n-moz-border-radius:0px 0px 0px 0px;\n}\n<\/style>\n<div class='flex_column av-av_one_full-6126cab7d8fab8d08143dd2dacdf673c av_one_full  avia-builder-el-0  avia-builder-el-no-sibling  first flex_column_div av-zero-column-padding '   ><section  class='av_textblock_section av-av_textblock-0366cc7376be6c9e82a3e9cc8987b64f'  itemscope=\"itemscope\" itemtype=\"https:\/\/schema.org\/CreativeWork\" ><div class='avia_textblock'  itemprop=\"text\" ><p>Deze map bestaat niet. Maak deze aan.<\/p>\n<\/div><\/section><\/div>\n","protected":false},"excerpt":{"rendered":"","protected":false},"author":1,"featured_media":0,"parent":0,"menu_order":0,"comment_status":"closed","ping_status":"closed","template":"","meta":{"footnotes":""},"yoast_head":"<!-- This site is optimized with the Yoast SEO plugin v22.2 - https:\/\/yoast.com\/wordpress\/plugins\/seo\/ -->\n<title>VICTORIA - Fahrradh\u00e4ndler in meiner N\u00e4he<\/title>\n<meta name=\"robots\" content=\"index, follow, max-snippet:-1, max-image-preview:large, max-video-preview:-1\" \/>\n<link rel=\"canonical\" href=\"https:\/\/www.fahrrad-haendlersuche.de\/nl\/victoria-haendler\/\" \/>\n<meta property=\"og:locale\" content=\"nl_NL\" \/>\n<meta property=\"og:type\" content=\"article\" \/>\n<meta property=\"og:title\" content=\"VICTORIA - Fahrradh\u00e4ndler in meiner N\u00e4he\" \/>\n<meta property=\"og:url\" content=\"https:\/\/www.fahrrad-haendlersuche.de\/nl\/victoria-haendler\/\" \/>\n<meta property=\"og:site_name\" content=\"Fahrradh\u00e4ndler in meiner N\u00e4he\" \/>\n<meta property=\"article:modified_time\" content=\"2018-02-19T11:55:18+00:00\" \/>\n<meta name=\"twitter:card\" content=\"summary_large_image\" \/>\n<script type=\"application\/ld+json\" class=\"yoast-schema-graph\">{\"@context\":\"https:\/\/schema.org\",\"@graph\":[{\"@type\":\"WebPage\",\"@id\":\"https:\/\/www.fahrrad-haendlersuche.de\/nl\/victoria-haendler\/\",\"url\":\"https:\/\/www.fahrrad-haendlersuche.de\/nl\/victoria-haendler\/\",\"name\":\"VICTORIA - Fahrradh\u00e4ndler in meiner N\u00e4he\",\"isPartOf\":{\"@id\":\"https:\/\/www.fahrrad-haendlersuche.de\/#website\"},\"datePublished\":\"2016-07-04T11:26:11+00:00\",\"dateModified\":\"2018-02-19T11:55:18+00:00\",\"breadcrumb\":{\"@id\":\"https:\/\/www.fahrrad-haendlersuche.de\/nl\/victoria-haendler\/#breadcrumb\"},\"inLanguage\":\"nl-NL\",\"potentialAction\":[{\"@type\":\"ReadAction\",\"target\":[\"https:\/\/www.fahrrad-haendlersuche.de\/nl\/victoria-haendler\/\"]}]},{\"@type\":\"BreadcrumbList\",\"@id\":\"https:\/\/www.fahrrad-haendlersuche.de\/nl\/victoria-haendler\/#breadcrumb\",\"itemListElement\":[{\"@type\":\"ListItem\",\"position\":1,\"name\":\"Home\",\"item\":\"https:\/\/www.fahrrad-haendlersuche.de\/uebersicht\/\"},{\"@type\":\"ListItem\",\"position\":2,\"name\":\"VICTORIA\"}]},{\"@type\":\"WebSite\",\"@id\":\"https:\/\/www.fahrrad-haendlersuche.de\/#website\",\"url\":\"https:\/\/www.fahrrad-haendlersuche.de\/\",\"name\":\"Fahrradh\u00e4ndler in meiner N\u00e4he\",\"description\":\"H\u00e4ndler f\u00fcr Victoria, E-Bikes, Conway, Tern, Hartje, Contoura, Excelsior, iSY\",\"potentialAction\":[{\"@type\":\"SearchAction\",\"target\":{\"@type\":\"EntryPoint\",\"urlTemplate\":\"https:\/\/www.fahrrad-haendlersuche.de\/?s={search_term_string}\"},\"query-input\":\"required name=search_term_string\"}],\"inLanguage\":\"nl-NL\"}]}<\/script>\n<!-- \/ Yoast SEO plugin. -->","yoast_head_json":{"title":"VICTORIA - Fahrradh\u00e4ndler in meiner N\u00e4he","robots":{"index":"index","follow":"follow","max-snippet":"max-snippet:-1","max-image-preview":"max-image-preview:large","max-video-preview":"max-video-preview:-1"},"canonical":"https:\/\/www.fahrrad-haendlersuche.de\/nl\/victoria-haendler\/","og_locale":"nl_NL","og_type":"article","og_title":"VICTORIA - Fahrradh\u00e4ndler in meiner N\u00e4he","og_url":"https:\/\/www.fahrrad-haendlersuche.de\/nl\/victoria-haendler\/","og_site_name":"Fahrradh\u00e4ndler in meiner N\u00e4he","article_modified_time":"2018-02-19T11:55:18+00:00","twitter_card":"summary_large_image","schema":{"@context":"https:\/\/schema.org","@graph":[{"@type":"WebPage","@id":"https:\/\/www.fahrrad-haendlersuche.de\/nl\/victoria-haendler\/","url":"https:\/\/www.fahrrad-haendlersuche.de\/nl\/victoria-haendler\/","name":"VICTORIA - Fahrradh\u00e4ndler in meiner N\u00e4he","isPartOf":{"@id":"https:\/\/www.fahrrad-haendlersuche.de\/#website"},"datePublished":"2016-07-04T11:26:11+00:00","dateModified":"2018-02-19T11:55:18+00:00","breadcrumb":{"@id":"https:\/\/www.fahrrad-haendlersuche.de\/nl\/victoria-haendler\/#breadcrumb"},"inLanguage":"nl-NL","potentialAction":[{"@type":"ReadAction","target":["https:\/\/www.fahrrad-haendlersuche.de\/nl\/victoria-haendler\/"]}]},{"@type":"BreadcrumbList","@id":"https:\/\/www.fahrrad-haendlersuche.de\/nl\/victoria-haendler\/#breadcrumb","itemListElement":[{"@type":"ListItem","position":1,"name":"Home","item":"https:\/\/www.fahrrad-haendlersuche.de\/uebersicht\/"},{"@type":"ListItem","position":2,"name":"VICTORIA"}]},{"@type":"WebSite","@id":"https:\/\/www.fahrrad-haendlersuche.de\/#website","url":"https:\/\/www.fahrrad-haendlersuche.de\/","name":"Fahrradh\u00e4ndler in meiner N\u00e4he","description":"H\u00e4ndler f\u00fcr Victoria, E-Bikes, Conway, Tern, Hartje, Contoura, Excelsior, iSY","potentialAction":[{"@type":"SearchAction","target":{"@type":"EntryPoint","urlTemplate":"https:\/\/www.fahrrad-haendlersuche.de\/?s={search_term_string}"},"query-input":"required name=search_term_string"}],"inLanguage":"nl-NL"}]}},"_links":{"self":[{"href":"https:\/\/www.fahrrad-haendlersuche.de\/nl\/wp-json\/wp\/v2\/pages\/346"}],"collection":[{"href":"https:\/\/www.fahrrad-haendlersuche.de\/nl\/wp-json\/wp\/v2\/pages"}],"about":[{"href":"https:\/\/www.fahrrad-haendlersuche.de\/nl\/wp-json\/wp\/v2\/types\/page"}],"author":[{"embeddable":true,"href":"https:\/\/www.fahrrad-haendlersuche.de\/nl\/wp-json\/wp\/v2\/users\/1"}],"replies":[{"embeddable":true,"href":"https:\/\/www.fahrrad-haendlersuche.de\/nl\/wp-json\/wp\/v2\/comments?post=346"}],"version-history":[{"count":1,"href":"https:\/\/www.fahrrad-haendlersuche.de\/nl\/wp-json\/wp\/v2\/pages\/346\/revisions"}],"predecessor-version":[{"id":350,"href":"https:\/\/www.fahrrad-haendlersuche.de\/nl\/wp-json\/wp\/v2\/pages\/346\/revisions\/350"}],"wp:attachment":[{"href":"https:\/\/www.fahrrad-haendlersuche.de\/nl\/wp-json\/wp\/v2\/media?parent=346"}],"curies":[{"name":"wp","href":"https:\/\/api.w.org\/{rel}","templated":true}]}}