{"id":494,"date":"2016-07-08T09:46:33","date_gmt":"2016-07-08T07:46:33","guid":{"rendered":"https:\/\/www.fahrrad-haendlersuche.de\/kontakt\/"},"modified":"2018-06-07T11:22:32","modified_gmt":"2018-06-07T09:22:32","slug":"contact","status":"publish","type":"page","link":"https:\/\/www.fahrrad-haendlersuche.de\/it\/contact\/","title":{"rendered":"Contact"},"content":{"rendered":"<div id='av_section_1'  class='avia-section av-rsa3-778606691de807a04fac2d2c41207a1d main_color avia-section-default avia-no-shadow  avia-builder-el-0  avia-builder-el-no-sibling  avia-bg-style-scroll container_wrap fullsize'  ><div class='container av-section-cont-open' ><main  role=\"main\" itemprop=\"mainContentOfPage\"  class='template-page content  av-content-full alpha units'><div class='post-entry post-entry-type-page post-entry-494'><div class='entry-content-wrapper clearfix'>\n\n<style type=\"text\/css\" data-created_by=\"avia_inline_auto\" id=\"style-css-av-7537v-92c7ebbcb3d73c9f486570cece3e4e91\">\n.flex_column.av-7537v-92c7ebbcb3d73c9f486570cece3e4e91{\nborder-radius:0px 0px 0px 0px;\n-webkit-border-radius:0px 0px 0px 0px;\n-moz-border-radius:0px 0px 0px 0px;\n}\n<\/style>\n<div class='flex_column av-7537v-92c7ebbcb3d73c9f486570cece3e4e91 av_one_fifth  avia-builder-el-1  el_before_av_four_fifth  avia-builder-el-first  first flex_column_div av-zero-column-padding '   ><\/div>\n<style type=\"text\/css\" data-created_by=\"avia_inline_auto\" id=\"style-css-av-7537v-433dae9a7bf64f0ccf7585d9dc6c2655\">\n.flex_column.av-7537v-433dae9a7bf64f0ccf7585d9dc6c2655{\nborder-radius:0px 0px 0px 0px;\n-webkit-border-radius:0px 0px 0px 0px;\n-moz-border-radius:0px 0px 0px 0px;\n}\n<\/style>\n<div class='flex_column av-7537v-433dae9a7bf64f0ccf7585d9dc6c2655 av_four_fifth  avia-builder-el-2  el_after_av_one_fifth  avia-builder-el-last  flex_column_div av-zero-column-padding '   ><p>\n<style type=\"text\/css\" data-created_by=\"avia_inline_auto\" id=\"style-css-av-ji4c0epb-aecc69863685642e26656d285370b350\">\n#top .av-special-heading.av-ji4c0epb-aecc69863685642e26656d285370b350{\npadding-bottom:10px;\n}\nbody .av-special-heading.av-ji4c0epb-aecc69863685642e26656d285370b350 .av-special-heading-tag .heading-char{\nfont-size:25px;\n}\n.av-special-heading.av-ji4c0epb-aecc69863685642e26656d285370b350 .av-subheading{\nfont-size:15px;\n}\n<\/style>\n<div  class='av-special-heading av-ji4c0epb-aecc69863685642e26656d285370b350 av-special-heading-h3  avia-builder-el-3  el_before_av_textblock  avia-builder-el-first '><h3 class='av-special-heading-tag'  itemprop=\"headline\"  >Contact<\/h3><div class=\"special-heading-border\"><div class=\"special-heading-inner-border\"><\/div><\/div><\/div><br \/>\n<section  class='av_textblock_section av-5k01r-813d4acb3461751ee49bc2ff3bf47d55'  itemscope=\"itemscope\" itemtype=\"https:\/\/schema.org\/CreativeWork\" ><div class='avia_textblock'  itemprop=\"text\" ><h4><strong>Hermann Hartje KG<\/strong><\/h4>\n<div class=\"boxes clearfix\">\n<div class=\"box three first\">Deichstra\u00dfe 120-122<br \/>\n27318 Hoya<br \/>\nTel.: +49 4251 811-90<br \/>\nFax: +49 42 51 \/ 8 11 \u2013 159<br \/>\nE-Mail: <a href=\"mailto:info@hartje.de\">info@hartje.de<\/a><\/div>\n<\/div>\n<\/div><\/section><\/p><\/div>\n\n","protected":false},"excerpt":{"rendered":"","protected":false},"author":1,"featured_media":0,"parent":0,"menu_order":0,"comment_status":"closed","ping_status":"closed","template":"","meta":{"footnotes":""},"yoast_head":"<!-- This site is optimized with the Yoast SEO plugin v22.2 - https:\/\/yoast.com\/wordpress\/plugins\/seo\/ -->\n<title>Contact - Fahrradh\u00e4ndler in meiner N\u00e4he<\/title>\n<meta name=\"robots\" content=\"index, follow, max-snippet:-1, max-image-preview:large, max-video-preview:-1\" \/>\n<link rel=\"canonical\" href=\"https:\/\/www.fahrrad-haendlersuche.de\/it\/contact\/\" \/>\n<meta property=\"og:locale\" content=\"it_IT\" \/>\n<meta property=\"og:type\" content=\"article\" \/>\n<meta property=\"og:title\" content=\"Contact - Fahrradh\u00e4ndler in meiner N\u00e4he\" \/>\n<meta property=\"og:url\" content=\"https:\/\/www.fahrrad-haendlersuche.de\/it\/contact\/\" \/>\n<meta property=\"og:site_name\" content=\"Fahrradh\u00e4ndler in meiner N\u00e4he\" \/>\n<meta property=\"article:modified_time\" content=\"2018-06-07T09:22:32+00:00\" \/>\n<meta name=\"twitter:card\" content=\"summary_large_image\" \/>\n<meta name=\"twitter:label1\" content=\"Tempo di lettura stimato\" \/>\n\t<meta name=\"twitter:data1\" content=\"1 minuto\" \/>\n<script type=\"application\/ld+json\" class=\"yoast-schema-graph\">{\"@context\":\"https:\/\/schema.org\",\"@graph\":[{\"@type\":\"WebPage\",\"@id\":\"https:\/\/www.fahrrad-haendlersuche.de\/it\/contact\/\",\"url\":\"https:\/\/www.fahrrad-haendlersuche.de\/it\/contact\/\",\"name\":\"Contact - Fahrradh\u00e4ndler in meiner N\u00e4he\",\"isPartOf\":{\"@id\":\"https:\/\/www.fahrrad-haendlersuche.de\/#website\"},\"datePublished\":\"2016-07-08T07:46:33+00:00\",\"dateModified\":\"2018-06-07T09:22:32+00:00\",\"breadcrumb\":{\"@id\":\"https:\/\/www.fahrrad-haendlersuche.de\/it\/contact\/#breadcrumb\"},\"inLanguage\":\"it-IT\",\"potentialAction\":[{\"@type\":\"ReadAction\",\"target\":[\"https:\/\/www.fahrrad-haendlersuche.de\/it\/contact\/\"]}]},{\"@type\":\"BreadcrumbList\",\"@id\":\"https:\/\/www.fahrrad-haendlersuche.de\/it\/contact\/#breadcrumb\",\"itemListElement\":[{\"@type\":\"ListItem\",\"position\":1,\"name\":\"Home\",\"item\":\"https:\/\/www.fahrrad-haendlersuche.de\/uebersicht\/\"},{\"@type\":\"ListItem\",\"position\":2,\"name\":\"Contact\"}]},{\"@type\":\"WebSite\",\"@id\":\"https:\/\/www.fahrrad-haendlersuche.de\/#website\",\"url\":\"https:\/\/www.fahrrad-haendlersuche.de\/\",\"name\":\"Fahrradh\u00e4ndler in meiner N\u00e4he\",\"description\":\"H\u00e4ndler f\u00fcr Victoria, E-Bikes, Conway, Tern, Hartje, Contoura, Excelsior, iSY\",\"potentialAction\":[{\"@type\":\"SearchAction\",\"target\":{\"@type\":\"EntryPoint\",\"urlTemplate\":\"https:\/\/www.fahrrad-haendlersuche.de\/?s={search_term_string}\"},\"query-input\":\"required name=search_term_string\"}],\"inLanguage\":\"it-IT\"}]}<\/script>\n<!-- \/ Yoast SEO plugin. -->","yoast_head_json":{"title":"Contact - Fahrradh\u00e4ndler in meiner N\u00e4he","robots":{"index":"index","follow":"follow","max-snippet":"max-snippet:-1","max-image-preview":"max-image-preview:large","max-video-preview":"max-video-preview:-1"},"canonical":"https:\/\/www.fahrrad-haendlersuche.de\/it\/contact\/","og_locale":"it_IT","og_type":"article","og_title":"Contact - Fahrradh\u00e4ndler in meiner N\u00e4he","og_url":"https:\/\/www.fahrrad-haendlersuche.de\/it\/contact\/","og_site_name":"Fahrradh\u00e4ndler in meiner N\u00e4he","article_modified_time":"2018-06-07T09:22:32+00:00","twitter_card":"summary_large_image","twitter_misc":{"Tempo di lettura stimato":"1 minuto"},"schema":{"@context":"https:\/\/schema.org","@graph":[{"@type":"WebPage","@id":"https:\/\/www.fahrrad-haendlersuche.de\/it\/contact\/","url":"https:\/\/www.fahrrad-haendlersuche.de\/it\/contact\/","name":"Contact - Fahrradh\u00e4ndler in meiner N\u00e4he","isPartOf":{"@id":"https:\/\/www.fahrrad-haendlersuche.de\/#website"},"datePublished":"2016-07-08T07:46:33+00:00","dateModified":"2018-06-07T09:22:32+00:00","breadcrumb":{"@id":"https:\/\/www.fahrrad-haendlersuche.de\/it\/contact\/#breadcrumb"},"inLanguage":"it-IT","potentialAction":[{"@type":"ReadAction","target":["https:\/\/www.fahrrad-haendlersuche.de\/it\/contact\/"]}]},{"@type":"BreadcrumbList","@id":"https:\/\/www.fahrrad-haendlersuche.de\/it\/contact\/#breadcrumb","itemListElement":[{"@type":"ListItem","position":1,"name":"Home","item":"https:\/\/www.fahrrad-haendlersuche.de\/uebersicht\/"},{"@type":"ListItem","position":2,"name":"Contact"}]},{"@type":"WebSite","@id":"https:\/\/www.fahrrad-haendlersuche.de\/#website","url":"https:\/\/www.fahrrad-haendlersuche.de\/","name":"Fahrradh\u00e4ndler in meiner N\u00e4he","description":"H\u00e4ndler f\u00fcr Victoria, E-Bikes, Conway, Tern, Hartje, Contoura, Excelsior, iSY","potentialAction":[{"@type":"SearchAction","target":{"@type":"EntryPoint","urlTemplate":"https:\/\/www.fahrrad-haendlersuche.de\/?s={search_term_string}"},"query-input":"required name=search_term_string"}],"inLanguage":"it-IT"}]}},"_links":{"self":[{"href":"https:\/\/www.fahrrad-haendlersuche.de\/it\/wp-json\/wp\/v2\/pages\/494"}],"collection":[{"href":"https:\/\/www.fahrrad-haendlersuche.de\/it\/wp-json\/wp\/v2\/pages"}],"about":[{"href":"https:\/\/www.fahrrad-haendlersuche.de\/it\/wp-json\/wp\/v2\/types\/page"}],"author":[{"embeddable":true,"href":"https:\/\/www.fahrrad-haendlersuche.de\/it\/wp-json\/wp\/v2\/users\/1"}],"replies":[{"embeddable":true,"href":"https:\/\/www.fahrrad-haendlersuche.de\/it\/wp-json\/wp\/v2\/comments?post=494"}],"version-history":[{"count":2,"href":"https:\/\/www.fahrrad-haendlersuche.de\/it\/wp-json\/wp\/v2\/pages\/494\/revisions"}],"predecessor-version":[{"id":506,"href":"https:\/\/www.fahrrad-haendlersuche.de\/it\/wp-json\/wp\/v2\/pages\/494\/revisions\/506"}],"wp:attachment":[{"href":"https:\/\/www.fahrrad-haendlersuche.de\/it\/wp-json\/wp\/v2\/media?parent=494"}],"curies":[{"name":"wp","href":"https:\/\/api.w.org\/{rel}","templated":true}]}}